{"id":37034,"date":"2017-10-30T11:49:56","date_gmt":"2017-10-30T11:49:56","guid":{"rendered":"http:\/\/www.holmarcom.ma\/contact\/"},"modified":"2024-02-08T11:13:18","modified_gmt":"2024-02-08T11:13:18","slug":"contact","status":"publish","type":"page","link":"https:\/\/www.holmarcom.ma\/en\/contact\/","title":{"rendered":"Contacts"},"content":{"rendered":"<section class=\"wpb-content-wrapper\"><p>[vc_row][vc_column css=&#8221;.vc_custom_1499846831868{padding-top: 15px !important;padding-right: 125px !important;padding-bottom: 15px !important;padding-left: 125px !important;}&#8221;][vc_row_inner css=&#8221;.vc_custom_1499846723525{padding: 5px !important;background-color: #365275 !important;}&#8221;][vc_column_inner width=&#8221;2\/3&#8243;][vc_column_text]<\/p>\n<h4 style=\"color: #ffffff;\"><strong>HOLMARCOM<\/strong><\/h4>\n<p><span style=\"color: #ffffff;\">20, rue Mustapha El Ma\u00e2ni, Casablanca, Maroc<\/span><br \/>\n<span style=\"color: #ffffff;\">T\u00e9l : +212 (0)5 22 31 07 01<\/span><br \/>\n<span style=\"color: #ffffff;\">Fax : +212 (0)5 22 31 37 44<\/span>[\/vc_column_text][\/vc_column_inner][vc_column_inner width=&#8221;1\/4&#8243; css=&#8221;.vc_custom_1501066365657{margin-top: 30px !important;margin-bottom: 30px !important;}&#8221; offset=&#8221;vc_col-lg-offset-1&#8243;]<div class=\" uavc-icons-right uavc-icons \">\n<a class=\"aio-tooltip 69de27bf3445b\" href=\"https:\/\/www.linkedin.com\/company\/holmarcom-group\" target=\"_blank\" rel=\"noopener\"  data-toggle=\"tooltip\" data-placement=\"\" title=\"\"><div class=\"aio-icon circle \" data-animation=\"\" data-animation-delay=\"03\" style=\"color:#365275;font-size:16px;margin-right:5px;\">\n\t<i class=\"Defaults-linkedin\"><\/i>\n<\/div><\/a>\n<a class=\"aio-tooltip 69de27bf34489\" href=\"https:\/\/twitter.com\/holmarcom\" target=\"_blank\" rel=\"noopener\"  data-toggle=\"tooltip\" data-placement=\"\" title=\"\"><div class=\"aio-icon circle \" data-animation=\"\" data-animation-delay=\"03\" style=\"color:#365275;font-size:16px;margin-right:5px;\">\n\t<i class=\"Defaults-twitter\"><\/i>\n<\/div><\/a><\/div>[\/vc_column_inner][\/vc_row_inner][vc_row_inner el_class=&#8221;adress first&#8221;][vc_column_inner width=&#8221;1\/2&#8243;][vc_column_text]<\/p>\n<h4><span style=\"color: #365275;\"><strong>AIR ARABIA MAROC<\/strong><\/span><\/h4>\n<p>04 Rue Carthage, quartier les Iris, Casablanca, Maroc<br \/>\n<span style=\"color: #365275;\"><strong>T\u00e9l. :<\/strong><\/span> + 212 (0) 522 53 64 01<br \/>\n<span style=\"color: #365275;\"><strong>Fax :<\/strong> <span style=\"color: #000000;\">+ 212 (0) 522 53 84 11<\/span><\/span><br \/>\n<a href=\"http:\/\/www.airarabia.com\/\" target=\"_blank\" rel=\"noopener noreferrer\">www.airarabia.com\/<\/a>[\/vc_column_text][\/vc_column_inner][vc_column_inner width=&#8221;1\/2&#8243;][vc_column_text]<\/p>\n<h4><span style=\"color: #365275;\"><strong>ATLANTASANAD ASSURANCE<\/strong><\/span><\/h4>\n<p>181, Bd. d\u2019Anfa, Casablanca, Maroc<br \/>\n<span style=\"color: #365275;\"><strong>T\u00e9l. :<\/strong><\/span> 05 22 95 78 00 \/ 05 22 95 76 76<br \/>\n<span style=\"color: #365275;\"><strong>Fax :<\/strong><\/span> 05 22 36 04 36 \/ 05 22 36 98 12<br \/>\n<a href=\"http:\/\/www.atlantasanad.ma\/\">www.atlantasanad.ma<\/a>[\/vc_column_text][\/vc_column_inner][\/vc_row_inner][vc_row_inner el_class=&#8221;adress first&#8221;][vc_column_inner width=&#8221;1\/2&#8243;][vc_column_text]<\/p>\n<h4><span style=\"color: #365275;\"><strong>ATLANTA C\u00d4TE D&#8217;IVOIRE\u00a0<\/strong><\/span><\/h4>\n<p><span style=\"font-weight: 400;\">Plateau, Immeuble BROADWAY, 4<\/span><span style=\"font-weight: 400;\">\u00e8me<\/span><span style=\"font-weight: 400;\"> \u00e9tage, Avenue Nogu\u00e8s, 01 BP4666, Abidjan 01, C\u00f4te d&#8217;Ivoire<\/span><br \/>\n<span style=\"color: #365275;\"><strong>T\u00e9l. :<\/strong><\/span> <span style=\"font-weight: 400;\">+225 20 30 77 77<br \/>\n<span style=\"color: #365275;\"><strong>Fax :<\/strong><\/span> +225 20 30 77 78<br \/>\n<\/span><\/p>\n<p><a href=\"http:\/\/www.atlanta.ci\/\" target=\"_blank\" rel=\"noopener noreferrer\">http:\/\/www.atlanta.ci\/<\/a>[\/vc_column_text][\/vc_column_inner][vc_column_inner width=&#8221;1\/2&#8243;][vc_column_text]<\/p>\n<h4><span style=\"color: #365275;\"><strong>CPA<\/strong><\/span><\/h4>\n<p>181, Bd d\u2019Anfa, Casablanca, Maroc<br \/>\n<span style=\"color: #365275;\"><strong>T\u00e9l. :<\/strong><\/span> + 212 (0) 522 95 39 00\/40<br \/>\n<span style=\"color: #365275;\"><strong>Fax :<\/strong> <\/span> + 212 (0)522 36 00 78<br \/>\n<a href=\"http:\/\/www.assurances-cpa.com\" target=\"_blank\" rel=\"noopener noreferrer\">www.assurances-cpa.com<\/a>[\/vc_column_text][\/vc_column_inner][\/vc_row_inner][vc_row_inner el_class=&#8221;adress first&#8221;][vc_column_inner width=&#8221;1\/2&#8243;][vc_column_text]<\/p>\n<h4><span style=\"color: #365275;\"><strong>D\u00c9FI COURSES<\/strong><\/span><\/h4>\n<p>Angle rue Clos de Provence et Bd d\u2019Anfa, Casablanca, Maroc<br \/>\n<span style=\"color: #365275;\"><strong>T\u00e9l. :<\/strong><\/span> + 212 (0) 522 29 44 40<br \/>\n<span style=\"color: #365275;\"><strong>Fax :<\/strong> <\/span> + 212 (0) 522 26 84 22[\/vc_column_text][\/vc_column_inner][vc_column_inner width=&#8221;1\/2&#8243;][vc_column_text]<\/p>\n<h4><span style=\"color: #365275;\"><strong>D\u00c9NIA HOLDING<\/strong><\/span><\/h4>\n<p>Lotissement Sindibad, Villa N\u00b021, Ain Diab, Casablanca, Maroc<br \/>\n<span style=\"color: #365275;\"><strong>T\u00e9l. :<\/strong><\/span> + 212 (0)522 94 80 70<br \/>\n<span style=\"color: #365275;\"><strong>Fax :<\/strong><\/span> + 212 (0)522 39 30 65<br \/>\n<a href=\"http:\/\/www.deniaholding.com\/\" target=\"_blank\" rel=\"noopener\">www.deniaholding.com<\/a>[\/vc_column_text][\/vc_column_inner][\/vc_row_inner][vc_row_inner el_class=&#8221;adress first&#8221;][vc_column_inner width=&#8221;1\/2&#8243;][vc_column_text]<\/p>\n<h4><span style=\"color: #365275;\"><strong>D<b>\u00c9<\/b>NIA IVOIRE<\/strong><\/span><\/h4>\n<p>D\u00e9nia Ivoire, Zone franche Vitib, Grand Bassam<br \/>\n<span style=\"color: #365275;\"><strong>T\u00e9l. :<\/strong><\/span> + 225 05 45 71 47 73<br \/>\n<a href=\"http:\/\/www.deniaholding.com\/a-propos\/unites-de-production\/en-cote-divoire\/\" target=\"_blank\" rel=\"noopener\">www.deniaholding.com\/a-propos\/unites-de-production\/en-cote-divoire\/<\/a>[\/vc_column_text][\/vc_column_inner][vc_column_inner width=&#8221;1\/2&#8243;][vc_column_text]<\/p>\n<h4><span style=\"color: #365275;\"><strong>EAU TECHNOLOGIE ENVIRONNEMENT<\/strong><\/span><\/h4>\n<p>349, <span style=\"font-weight: 400;\">M\u00e9nontin<\/span>, BP072, Cotonou, B\u00e9nin<br \/>\n<span style=\"color: #365275;\"><strong>T\u00e9l. :<\/strong><\/span> + 229 21 38 52 84 \/ 38 28 62<br \/>\n<span style=\"color: #365275;\"><strong>Fax :<\/strong><\/span> + 229 21 38 28 06<br \/>\n<a href=\"http:\/\/www.fifasteluce.com\" target=\"_blank\" rel=\"noopener noreferrer\">www.fifasteluce.com<\/a>[\/vc_column_text][\/vc_column_inner][\/vc_row_inner][vc_row_inner el_class=&#8221;adress first&#8221;][vc_column_inner width=&#8221;1\/2&#8243;][vc_column_text]<\/p>\n<h4><span style=\"color: #365275;\"><strong>JUICE &amp; NECTAR PARTNER<\/strong><\/span><\/h4>\n<p>Bd Oukat Badi, Roches Noires, Casablanca, Maroc<br \/>\n<span style=\"color: #365275;\"><strong>T\u00e9l. :<\/strong><\/span> + 212 (0) 522 24 51 22\/23<br \/>\n<span style=\"color: #365275;\"><strong>Fax :<\/strong> <span style=\"color: #000000;\">+ 212 (0) 522 24 51 64<\/span><\/span><br \/>\n<a href=\"http:\/\/www.jnp.ma\" target=\"_blank\" rel=\"noopener noreferrer\">www.jnp.ma<\/a>[\/vc_column_text][\/vc_column_inner][vc_column_inner width=&#8221;1\/2&#8243;][vc_column_text]<\/p>\n<h4><span style=\"color: #365275;\"><strong>LES HUILES D&#8217;OLIVES DE LA M\u00c9DITERRAN\u00c9E<\/strong><\/span><\/h4>\n<p>Km 14, route d&#8217;Ahfir, Bni Khaled, Oujda, Maroc<br \/>\n<span style=\"color: #365275;\"><strong>T\u00e9l. :<\/strong><\/span> + 212 (0)522 31 07 01<br \/>\n<span style=\"color: #365275;\"><strong>Fax :<\/strong> <\/span> + 212 (0)522 31 37 44<br \/>\n<a href=\"http:\/\/www.iznassa.ma\" target=\"_blank\" rel=\"noopener noreferrer\">www.iznassa.ma<\/a>[\/vc_column_text][\/vc_column_inner][\/vc_row_inner][vc_row_inner el_class=&#8221;adress first&#8221;][vc_column_inner width=&#8221;1\/2&#8243;][vc_column_text]<\/p>\n<h4><span style=\"color: #365275;\"><strong>LES EAUX MIN\u00c9RALES D\u2019OULM\u00c8S<\/strong><\/span><\/h4>\n<p>Zone industrielle de Bouskoura, Casablanca, Maroc<br \/>\n<span style=\"color: #365275;\"><strong>T\u00e9l. :<\/strong><\/span> + 212 (0)522 59 33 33<br \/>\n<span style=\"color: #365275;\"><strong>Fax :<\/strong><\/span> + 212 (0)522 33 47 52<br \/>\n<a href=\"http:\/\/www.oulmes.ma\" target=\"_blank\" rel=\"noopener noreferrer\">www.oulmes.ma<\/a>[\/vc_column_text][\/vc_column_inner][vc_column_inner width=&#8221;1\/2&#8243;][vc_column_text]<\/p>\n<h4><span style=\"color: #365275;\"><strong>MASS C\u00c9R\u00c9ALES AL MAGHREB &#8211; JORF LASFAR<\/strong><\/span><\/h4>\n<p>Km 22, Route de Oualidia, Port de Jorf Lasfar, Terminal C\u00e9r\u00e9alier, Quai 14<br \/>\n<span style=\"color: #365275;\"><strong>T\u00e9l. :<\/strong><\/span> + 212 (0)523 34 52 54<br \/>\n<span style=\"color: #365275;\"><strong>Fax :<\/strong> <\/span> + 212 (0)523 34 52 44[\/vc_column_text][\/vc_column_inner][\/vc_row_inner][vc_row_inner el_class=&#8221;adress first&#8221;][vc_column_inner width=&#8221;1\/2&#8243;][vc_column_text]<\/p>\n<h4><span style=\"color: #365275;\"><strong>MASS C\u00c9R\u00c9ALES AL MAGHREB &#8211; CASABLANCA<\/strong><\/span><\/h4>\n<p>Port de Casablanca, Terminal C\u00e9r\u00e9alier, Quai 60, Porte 4<br \/>\n<span style=\"color: #365275;\"><strong>T\u00e9l. :<\/strong><\/span> + 212 (0)522 44 11 02\/03\/04\/20<br \/>\n<span style=\"color: #365275;\"><strong>Fax :<\/strong><\/span> + 212 (0)522 44 11 99[\/vc_column_text][\/vc_column_inner][vc_column_inner width=&#8221;1\/2&#8243;][vc_column_text]<\/p>\n<h4><span style=\"color: #365275;\"><strong>PEACOCK INVESTMENTS<\/strong><\/span><\/h4>\n<p><span style=\"font-weight: 400;\"> Libert\u00e9 06 extension VDN, villa 32, Dakar, SENEGAL<\/span><br \/>\n<span style=\"color: #365275;\"><strong>T\u00e9l. :<\/strong><\/span> <span style=\"font-weight: 400;\">+221 33 820 96 18<\/span><br \/>\n<span style=\"color: #365275;\"><strong>Fax :<\/strong> <span style=\"color: #333333;\">+221 33 820 96 17<\/span><\/span><br \/>\n<a href=\"http:\/\/www.peacockinvest.com\" target=\"_blank\" rel=\"noopener noreferrer\">www.peacockinvest.com<\/a>[\/vc_column_text][\/vc_column_inner][\/vc_row_inner][vc_row_inner el_class=&#8221;adress first&#8221;][vc_column_inner width=&#8221;1\/2&#8243;][vc_column_text]<\/p>\n<h4><span style=\"color: #365275;\"><strong>RADIO PLUS<\/strong><\/span><\/h4>\n<p>Angle rue Clos de Provence et bd d\u2019Anfa, Casablanca, Maroc<br \/>\n<span style=\"color: #365275;\"><strong>T\u00e9l. :<\/strong><\/span> + 212 (0) 694 96 96 96<br \/>\n<span style=\"color: #365275;\"><strong>Fax :<\/strong> <span style=\"color: #000000;\">+ 212 (0) 694 97 97 97<\/span><\/span><br \/>\n<a href=\"http:\/\/www.radioplus.ma\" target=\"_blank\" rel=\"noopener noreferrer\">www.radioplus.ma<\/a>[\/vc_column_text][\/vc_column_inner][vc_column_inner width=&#8221;1\/2&#8243;][vc_column_text]<\/p>\n<h4><strong><span style=\"color: #365275;\">SMART COMPOSITE COMPANY\u00a0(SCC)<\/span><\/strong><\/h4>\n<p>Zone Industrielle Bir Rami, Lot\u00b0 37, 14 000, K\u00e9nitra, Maroc<br \/>\n<span style=\"color: #365275;\"><strong>T\u00e9l. :<\/strong><\/span> + 212 (0)537 37 01 86<br \/>\n<span style=\"color: #365275;\"><strong>Fax :<\/strong><\/span> + 212 (0)537 37 08 37<\/p>\n<p><a href=\"http:\/\/www.smartcompositecompany.ma\">www.smartcompositecompany.ma<\/a>[\/vc_column_text][\/vc_column_inner][\/vc_row_inner][vc_row_inner el_class=&#8221;adress first&#8221;][vc_column_inner width=&#8221;1\/2&#8243;][vc_column_text]<\/p>\n<h4><span style=\"color: #365275;\"><strong>SOMATHES<\/strong><\/span><\/h4>\n<p>ZI Bouskoura, Lot n\u00b02, Km 15, BP 398, Casablanca, Maroc<br \/>\n<span style=\"color: #365275;\"><strong>T\u00e9l. :<\/strong><\/span> + 212 (0)522 35 08 73<br \/>\n<span style=\"color: #365275;\"><strong>Fax :<\/strong> <\/span> + 212 (0)522 35 09 11<br \/>\n<a href=\"http:\/\/www.somathes.com\" target=\"_blank\" rel=\"noopener noreferrer\">www.somathes.com<\/a>[\/vc_column_text][\/vc_column_inner][vc_column_inner width=&#8221;1\/2&#8243;][vc_column_text]<\/p>\n<h4><span style=\"color: #365275;\"><strong>THE MONARCH INSURANCE<\/strong><\/span><\/h4>\n<p>Chester House 1st Floor, Konange Street, Nairobi, Kenya<br \/>\n<span style=\"color: #365275;\"><strong>T\u00e9l. :<\/strong><\/span> +254 (0)20 4292000<br \/>\n<a href=\"https:\/\/monarchinsurance.co.ke\/monarch\/\" target=\"_blank\" rel=\"noopener\">https:\/\/monarchinsurance.co.ke\/monarch\/<\/a>[\/vc_column_text][\/vc_column_inner][\/vc_row_inner][vc_row_inner el_class=&#8221;adress first&#8221;][vc_column_inner width=&#8221;1\/2&#8243;][vc_column_text]<\/p>\n<h4><span style=\"color: #365275;\"><strong>YELLOWROCK<\/strong><\/span><\/h4>\n<p>33, avenue Hassan Sghir, Appt B10, Casablanca, Maroc<br \/>\n<span style=\"color: #365275;\"><strong>T\u00e9l. :<\/strong><\/span> + 212 (0)522 45 60 00<br \/>\n<span style=\"color: #365275;\"><strong>Fax :<\/strong> <\/span> + 212 (0)522 45 60 60<br \/>\n<a href=\"http:\/\/www.yellowrock.com\/\" target=\"_blank\" rel=\"noopener noreferrer\">www.yellowrock.com<\/a>[\/vc_column_text][\/vc_column_inner][vc_column_inner width=&#8221;1\/2&#8243;][\/vc_column_inner][\/vc_row_inner][\/vc_column][\/vc_row]<\/p>\n<\/section>","protected":false},"excerpt":{"rendered":"[vc_row][vc_column css=\".vc_custom_1499846831868{padding-top: 15px !important;padding-right: 125px !important;padding-bottom: 15px !important;padding-left: 125px !important;}\"][vc_row_inner css=\".vc_custom_1499846723525{padding: 5px !important;background-color: #365275 !important;}\"][vc_column_inner width=\"2\/3\"][vc_column_text] HOLMARCOM 20, rue Mustapha <a href=\"https:\/\/www.holmarcom.ma\/en\/contact\/\" class=\"p-link\">[...]<\/a>","protected":false},"author":1,"featured_media":0,"parent":0,"menu_order":0,"comment_status":"closed","ping_status":"closed","template":"","meta":{"_links_to":"","_links_to_target":""},"acf":[],"_links":{"self":[{"href":"https:\/\/www.holmarcom.ma\/en\/wp-json\/wp\/v2\/pages\/37034\/"}],"collection":[{"href":"https:\/\/www.holmarcom.ma\/en\/wp-json\/wp\/v2\/pages\/"}],"about":[{"href":"https:\/\/www.holmarcom.ma\/en\/wp-json\/wp\/v2\/types\/page\/"}],"author":[{"embeddable":true,"href":"https:\/\/www.holmarcom.ma\/en\/wp-json\/wp\/v2\/users\/1\/"}],"replies":[{"embeddable":true,"href":"https:\/\/www.holmarcom.ma\/en\/wp-json\/wp\/v2\/comments\/?post=37034"}],"version-history":[{"count":12,"href":"https:\/\/www.holmarcom.ma\/en\/wp-json\/wp\/v2\/pages\/37034\/revisions\/"}],"predecessor-version":[{"id":39614,"href":"https:\/\/www.holmarcom.ma\/en\/wp-json\/wp\/v2\/pages\/37034\/revisions\/39614\/"}],"wp:attachment":[{"href":"https:\/\/www.holmarcom.ma\/en\/wp-json\/wp\/v2\/media\/?parent=37034"}],"curies":[{"name":"wp","href":"https:\/\/api.w.org\/{rel}","templated":true}]}}