{"id":36926,"date":"2017-10-27T11:26:33","date_gmt":"2017-10-27T11:26:33","guid":{"rendered":"http:\/\/www.holmarcom.ma\/home\/"},"modified":"2025-03-05T11:46:07","modified_gmt":"2025-03-05T11:46:07","slug":"home","status":"publish","type":"page","link":"https:\/\/www.holmarcom.ma\/en\/","title":{"rendered":"HOME"},"content":{"rendered":"<section class=\"wpb-content-wrapper\"><p>[vc_row type=&#8221;vc_default&#8221; full_width=&#8221;stretch_row&#8221; css=&#8221;.vc_custom_1498141824111{background-color: #f3f3f3 !important;}&#8221;][vc_column css=&#8221;.vc_custom_1494581004574{background-color: #f3f3f3 !important;}&#8221;][vc_row_inner][vc_column_inner][vc_text_separator title=&#8221;BUSINESS SEGMENTS&#8221; title_align=&#8221;separator_align_left&#8221; color=&#8221;custom&#8221; border_width=&#8221;5&#8243; accent_color=&#8221;#365275&#8243; el_class=&#8221;h-title&#8221;][\/vc_column_inner][\/vc_row_inner][vc_row_inner el_id=&#8221;metiers&#8221;][vc_column_inner width=&#8221;1\/12&#8243;][\/vc_column_inner][vc_column_inner width=&#8221;1\/6&#8243;]\n<div id=\"interactive-banner-1-wrap-8595\" class=\"ult-banner-block ult-adjust-bottom-margin ult-bb-box  banner-style11 \"   style=\"\">\n\t<img src=\"https:\/\/www.holmarcom.ma\/wp-content\/uploads\/2014\/10\/Finance.jpg\" alt=\"null\">\n\t<h3  data-ultimate-target='#interactive-banner-1-wrap-8595 .bb-top-title '  data-responsive-json-new='{\"font-size\":\"\",\"line-height\":\"\"}'  class=\"title-center bb-top-title ult-responsive\" style=\"font-weight:normal;background:#242424;color:#ffffff;\">Finance<\/h3>\n\t<div class=\"mask opaque-background\" style=\"background:;\">\n\t\t<div  data-ultimate-target='#interactive-banner-1-wrap-8595 .bb-description'  data-responsive-json-new='{\"font-size\":\"\",\"line-height\":\"\"}'  class=\"bb-description ult-responsive\" style=\"font-weight:normal;color:#ffffff;\"><\/div>\n\t<\/div><a class=\"bb-link\" href=\"http:\/\/www.holmarcom.ma\/en\/business-segments\/finance-pole\/\" ><\/a>\n<\/div>[\/vc_column_inner][vc_column_inner width=&#8221;1\/6&#8243;]\n<div id=\"interactive-banner-1-wrap-1842\" class=\"ult-banner-block ult-adjust-bottom-margin ult-bb-box  banner-style11 \"   style=\"\">\n\t<img src=\"https:\/\/www.holmarcom.ma\/wp-content\/uploads\/2014\/10\/Agro-industrie.jpg\" alt=\"null\">\n\t<h3  data-ultimate-target='#interactive-banner-1-wrap-1842 .bb-top-title '  data-responsive-json-new='{\"font-size\":\"\",\"line-height\":\"\"}'  class=\"title-center bb-top-title ult-responsive\" style=\"font-weight:normal;background:#242424;color:#ffffff;\">Agro-industry<\/h3>\n\t<div class=\"mask opaque-background\" style=\"background:;\">\n\t\t<div  data-ultimate-target='#interactive-banner-1-wrap-1842 .bb-description'  data-responsive-json-new='{\"font-size\":\"\",\"line-height\":\"\"}'  class=\"bb-description ult-responsive\" style=\"font-weight:normal;color:#ffffff;\"><\/div>\n\t<\/div><a class=\"bb-link\" href=\"http:\/\/www.holmarcom.ma\/en\/business-segments\/agro-industry-pole\/\" ><\/a>\n<\/div>[\/vc_column_inner][vc_column_inner width=&#8221;1\/6&#8243;]\n<div id=\"interactive-banner-1-wrap-4368\" class=\"ult-banner-block ult-adjust-bottom-margin ult-bb-box  banner-style11 \"   style=\"\">\n\t<img src=\"https:\/\/www.holmarcom.ma\/wp-content\/uploads\/2014\/10\/Distribution-et-Logistique.jpg\" alt=\"null\">\n\t<h3  data-ultimate-target='#interactive-banner-1-wrap-4368 .bb-top-title '  data-responsive-json-new='{\"font-size\":\"\",\"line-height\":\"\"}'  class=\"title-center bb-top-title ult-responsive\" style=\"font-weight:normal;background:#242424;color:#ffffff;\">Logistics<\/h3>\n\t<div class=\"mask opaque-background\" style=\"background:;\">\n\t\t<div  data-ultimate-target='#interactive-banner-1-wrap-4368 .bb-description'  data-responsive-json-new='{\"font-size\":\"\",\"line-height\":\"\"}'  class=\"bb-description ult-responsive\" style=\"font-weight:normal;color:#ffffff;\"><\/div>\n\t<\/div><a class=\"bb-link\" href=\"https:\/\/www.holmarcom.ma\/en\/business-segments\/logistics-pole\/\" title=\"Logistics\" ><\/a>\n<\/div>[\/vc_column_inner][vc_column_inner width=&#8221;1\/6&#8243;]\n<div id=\"interactive-banner-1-wrap-8806\" class=\"ult-banner-block ult-adjust-bottom-margin ult-bb-box  banner-style11 \"   style=\"\">\n\t<img src=\"https:\/\/www.holmarcom.ma\/wp-content\/uploads\/2014\/10\/Immobilier.jpg\" alt=\"null\">\n\t<h3  data-ultimate-target='#interactive-banner-1-wrap-8806 .bb-top-title '  data-responsive-json-new='{\"font-size\":\"\",\"line-height\":\"\"}'  class=\"title-center bb-top-title ult-responsive\" style=\"font-weight:normal;background:#242424;color:#ffffff;\">Real estate<\/h3>\n\t<div class=\"mask opaque-background\" style=\"background:;\">\n\t\t<div  data-ultimate-target='#interactive-banner-1-wrap-8806 .bb-description'  data-responsive-json-new='{\"font-size\":\"\",\"line-height\":\"\"}'  class=\"bb-description ult-responsive\" style=\"font-weight:normal;color:#ffffff;\"><\/div>\n\t<\/div><a class=\"bb-link\" href=\"http:\/\/www.holmarcom.ma\/en\/business-segments\/real-estate-pole\/\" ><\/a>\n<\/div>[\/vc_column_inner][vc_column_inner width=&#8221;1\/6&#8243;][vc_btn title=&#8221;Other activities&#8221; style=&#8221;custom&#8221; custom_background=&#8221;#365275&#8243; custom_text=&#8221;#ffffff&#8221; shape=&#8221;square&#8221; size=&#8221;lg&#8221; align=&#8221;center&#8221; button_block=&#8221;true&#8221; el_class=&#8221;otros&#8221; link=&#8221;url:http%3A%2F%2Fwww.holmarcom.ma%2Fen%2Fbusiness-segments%2Fother-activities%2F|||&#8221;][\/vc_column_inner][vc_column_inner width=&#8221;1\/12&#8243;][\/vc_column_inner][\/vc_row_inner][\/vc_column][\/vc_row][vc_row type=&#8221;vc_default&#8221; full_width=&#8221;stretch_row&#8221; css=&#8221;.vc_custom_1494584253646{padding-top: 25px !important;padding-bottom: 25px !important;background-color: #395775 !important;}&#8221; el_id=&#8221;Chiffres&#8221;][vc_column width=&#8221;1\/4&#8243;]<div class=\"stats-block stats-top  doubleConter \"><div class=\"aio-icon-top\"><div class=\"ult-just-icon-wrapper  \"><div class=\"align-icon\" style=\"text-align:center;\">\n<div class=\"aio-icon-img \" style=\"font-size:93px;display:inline-block;\" >\n\t<img class=\"img-icon\" alt=\"\" src=\"https:\/\/www.holmarcom.ma\/wp-content\/uploads\/2022\/12\/60.png\"\/>\n<\/div><\/div><\/div><\/div><div class=\"stats-desc\" id=\"counter-responsv-wrap-1097\"><div class=\"counter_prefix mycust ult-responsive\"  data-ultimate-target='#counter-responsv-wrap-1097 .mycust'  data-responsive-json-new='{\"font-size\":\"desktop:15px;\",\"line-height\":\"\"}'  style=\" color:\">Around<\/div><div id=\"counter_347758876669de86df40928\" data-id=\"counter_347758876669de86df40928\"  data-ultimate-target='#counter-responsv-wrap-1097 .stats-number'  data-responsive-json-new='{\"font-size\":\"\",\"line-height\":\"\"}'  class=\"stats-number ult-responsive\" style=\" color:#ffffff; \" data-speed=\"3\" data-counter-value=\"60\" data-separator=\",\" data-decimal=\".\">0<\/div><div class=\"counter_suffix mycust ult-responsive\"  data-ultimate-target='#counter-responsv-wrap-1097 .mycust'  data-responsive-json-new='{\"font-size\":\"desktop:15px;\",\"line-height\":\"\"}'  style=\" color:\"><strong>years of<\/strong><strong> development<\/strong><\/div><div id=\"counter_347758876669de86df40928\"  data-ultimate-target='#counter-responsv-wrap-1097 .stats-text'  data-responsive-json-new='{\"font-size\":\"desktop:13px;\",\"line-height\":\"desktop:18px;\"}'  class=\"stats-text ult-responsive\" style=\"font-size:px; color:#ffffff; \">A group founded and let to success by a visionary entrepreneur, the Late Abdelkader Bensalah.<\/div><\/div><\/div>[\/vc_column][vc_column width=&#8221;1\/4&#8243;]<div class=\"stats-block stats-top  doubleConter \"><div class=\"aio-icon-top\"><div class=\"ult-just-icon-wrapper  \"><div class=\"align-icon\" style=\"text-align:center;\">\n<div class=\"aio-icon-img \" style=\"font-size:93px;display:inline-block;\" >\n\t<img class=\"img-icon\" alt=\"\" src=\"https:\/\/www.holmarcom.ma\/wp-content\/uploads\/2014\/10\/chiffre2.png\"\/>\n<\/div><\/div><\/div><\/div><div class=\"stats-desc\" id=\"counter-responsv-wrap-2715\"><div id=\"counter_17560325769de86df40d50\" data-id=\"counter_17560325769de86df40d50\"  data-ultimate-target='#counter-responsv-wrap-2715 .stats-number'  data-responsive-json-new='{\"font-size\":\"\",\"line-height\":\"\"}'  class=\"stats-number ult-responsive\" style=\" color:#ffffff; \" data-speed=\"3\" data-counter-value=\"3\" data-separator=\",\" data-decimal=\".\">0<\/div><div class=\"counter_suffix mycust ult-responsive\"  data-ultimate-target='#counter-responsv-wrap-2715 .mycust'  data-responsive-json-new='{\"font-size\":\"desktop:15px;\",\"line-height\":\"\"}'  style=\" color:\"><strong>Companies listed<\/strong><\/div><div id=\"counter_17560325769de86df40d50\"  data-ultimate-target='#counter-responsv-wrap-2715 .stats-text'  data-responsive-json-new='{\"font-size\":\"desktop:13px;\",\"line-height\":\"desktop:18px;\"}'  class=\"stats-text ult-responsive\" style=\"font-size:px; color:#ffffff; \">on the Casablanca Stock Exchange: Les Eaux Min\u00e9rales d'Oulm\u00e8s, AtlantaSanad Assurance and Cr\u00e9dit du Maroc.<\/div><\/div><\/div>[\/vc_column][vc_column width=&#8221;1\/4&#8243;]<div class=\"stats-block stats-top  africa doubleConter \"><div class=\"aio-icon-top\"><div class=\"ult-just-icon-wrapper  \"><div class=\"align-icon\" style=\"text-align:center;\">\n<div class=\"aio-icon-img \" style=\"font-size:93px;display:inline-block;\" >\n\t<img class=\"img-icon\" alt=\"\" src=\"https:\/\/www.holmarcom.ma\/wp-content\/uploads\/2017\/05\/afrique.png\"\/>\n<\/div><\/div><\/div><\/div><div class=\"stats-desc\" id=\"counter-responsv-wrap-7622\"><div id=\"counter_18304005069de86df41198\" data-id=\"counter_18304005069de86df41198\"  data-ultimate-target='#counter-responsv-wrap-7622 .stats-number'  data-responsive-json-new='{\"font-size\":\"\",\"line-height\":\"\"}'  class=\"stats-number ult-responsive\" style=\" color:#ffffff; \" data-speed=\"3\" data-counter-value=\"4\" data-separator=\",\" data-decimal=\".\">0<\/div><div class=\"counter_suffix mycust ult-responsive\"  data-ultimate-target='#counter-responsv-wrap-7622 .mycust'  data-responsive-json-new='{\"font-size\":\"desktop:15px;\",\"line-height\":\"\"}'  style=\" color:\"><strong>Presence in 4 african countries<\/strong><\/div><div id=\"counter_18304005069de86df41198\"  data-ultimate-target='#counter-responsv-wrap-7622 .stats-text'  data-responsive-json-new='{\"font-size\":\"desktop:13px;\",\"line-height\":\"desktop:18px;\"}'  class=\"stats-text ult-responsive\" style=\"font-size:px; color:#ffffff; \">Morocco, Senegal, Ivory Coast and Benin. <\/div><\/div><\/div>[\/vc_column][vc_column width=&#8221;1\/4&#8243;]<div class=\"stats-block stats-top  \"><div class=\"aio-icon-top\"><div class=\"ult-just-icon-wrapper  \"><div class=\"align-icon\" style=\"text-align:center;\">\n<div class=\"aio-icon-img \" style=\"font-size:93px;display:inline-block;\" >\n\t<img class=\"img-icon\" alt=\"\" src=\"https:\/\/www.holmarcom.ma\/wp-content\/uploads\/2014\/10\/chiffre4.png\"\/>\n<\/div><\/div><\/div><\/div><div class=\"stats-desc\" id=\"counter-responsv-wrap-4761\"><div class=\"counter_prefix mycust ult-responsive\"  data-ultimate-target='#counter-responsv-wrap-4761 .mycust'  data-responsive-json-new='{\"font-size\":\"\",\"line-height\":\"\"}'  style=\"font-size:28px; color:\">+<\/div><div id=\"counter_187818398269de86df41488\" data-id=\"counter_187818398269de86df41488\"  data-ultimate-target='#counter-responsv-wrap-4761 .stats-number'  data-responsive-json-new='{\"font-size\":\"\",\"line-height\":\"\"}'  class=\"stats-number ult-responsive\" style=\"font-size:28px; color:#ffffff; \" data-speed=\"3\" data-counter-value=\"6\" data-separator=\",\" data-decimal=\".\">0<\/div><div class=\"counter_suffix mycust ult-responsive\"  data-ultimate-target='#counter-responsv-wrap-4761 .mycust'  data-responsive-json-new='{\"font-size\":\"\",\"line-height\":\"\"}'  style=\"font-size:28px; color:\">K<br \/>\n<strong>Employees mobilized<\/strong><\/div><div id=\"counter_187818398269de86df41488\"  data-ultimate-target='#counter-responsv-wrap-4761 .stats-text'  data-responsive-json-new='{\"font-size\":\"desktop:13px;\",\"line-height\":\"\"}'  class=\"stats-text ult-responsive\" style=\"font-size:px; color:#ffffff; \">within twenty companies engaged in modern and empowering management.<\/div><\/div><\/div>[\/vc_column][\/vc_row][vc_row type=&#8221;vc_default&#8221; full_width=&#8221;stretch_row&#8221; css=&#8221;.vc_custom_1500302445511{margin-bottom: 0px !important;padding-bottom: 0px !important;background-color: #ffffff !important;}&#8221;][vc_column][vc_text_separator title=&#8221;CSR&#8221; title_align=&#8221;separator_align_left&#8221; color=&#8221;custom&#8221; border_width=&#8221;5&#8243; accent_color=&#8221;#365275&#8243; el_class=&#8221;h-title&#8221;][vc_row_inner][vc_column_inner width=&#8221;1\/2&#8243;][vc_single_image image=&#8221;38807&#8243; img_size=&#8221;full&#8221; alignment=&#8221;center&#8221; onclick=&#8221;custom_link&#8221; link=&#8221;https:\/\/www.holmarcom.ma\/en\/csr\/abdelkader-bensalah-foundation\/&#8221;][\/vc_column_inner][vc_column_inner width=&#8221;1\/2&#8243;][vc_single_image image=&#8221;39493&#8243; img_size=&#8221;full&#8221; alignment=&#8221;center&#8221; onclick=&#8221;custom_link&#8221; link=&#8221;http:\/\/www.holmarcom.ma\/en\/csr\/galerie-h\/presentation\/&#8221;][\/vc_column_inner][\/vc_row_inner][\/vc_column][\/vc_row][vc_row type=&#8221;vc_default&#8221; full_width=&#8221;stretch_row&#8221; css=&#8221;.vc_custom_1500302727115{margin-top: -30px !important;background-color: #ffffff !important;}&#8221;][vc_column offset=&#8221;vc_hidden-lg vc_hidden-md vc_hidden-sm vc_hidden-xs&#8221;][vc_row_inner][vc_column_inner width=&#8221;1\/3&#8243;][vc_single_image image=&#8221;39193&#8243; img_size=&#8221;full&#8221; alignment=&#8221;center&#8221; onclick=&#8221;custom_link&#8221; img_link_target=&#8221;_blank&#8221; link=&#8221;https:\/\/www.holmarcom.ma\/wp-content\/uploads\/2023\/10\/Holmarcom_PREZ_Instit_Sept_2023_VUK.pdf&#8221;][\/vc_column_inner][vc_column_inner width=&#8221;1\/3&#8243;][vc_single_image image=&#8221;38001&#8243; img_size=&#8221;full&#8221; alignment=&#8221;center&#8221; onclick=&#8221;custom_link&#8221; link=&#8221;http:\/\/www.holmarcom.ma\/en\/human-capital\/joins-us\/&#8221;][\/vc_column_inner][vc_column_inner width=&#8221;1\/3&#8243;][vc_single_image image=&#8221;39471&#8243; img_size=&#8221;full&#8221; alignment=&#8221;center&#8221; onclick=&#8221;custom_link&#8221; img_link_target=&#8221;_blank&#8221; link=&#8221;https:\/\/www.holmarcom.ma\/wp-content\/uploads\/2023\/07\/Fiche-holmarcom-VUK_2023.pdf&#8221;][\/vc_column_inner][\/vc_row_inner][\/vc_column][\/vc_row]<\/p>\n<\/section>","protected":false},"excerpt":{"rendered":"[vc_row type=\"vc_default\" full_width=\"stretch_row\" css=\".vc_custom_1498141824111{background-color: #f3f3f3 !important;}\"][vc_column css=\".vc_custom_1494581004574{background-color: #f3f3f3 !important;}\"][vc_row_inner][vc_column_inner][vc_text_separator title=\"BUSINESS SEGMENTS\" title_align=\"separator_align_left\" color=\"custom\" border_width=\"5\" accent_color=\"#365275\" el_class=\"h-title\"][\/vc_column_inner][\/vc_row_inner][vc_row_inner el_id=\"metiers\"][vc_column_inner width=\"1\/12\"][\/vc_column_inner][vc_column_inner width=\"1\/6\"][interactive_banner banner_title=\"Finance\" <a href=\"https:\/\/www.holmarcom.ma\/en\/\" class=\"p-link\">[...]<\/a>","protected":false},"author":1,"featured_media":0,"parent":0,"menu_order":0,"comment_status":"closed","ping_status":"closed","template":"","meta":{"_links_to":"","_links_to_target":""},"acf":[],"_links":{"self":[{"href":"https:\/\/www.holmarcom.ma\/en\/wp-json\/wp\/v2\/pages\/36926\/"}],"collection":[{"href":"https:\/\/www.holmarcom.ma\/en\/wp-json\/wp\/v2\/pages\/"}],"about":[{"href":"https:\/\/www.holmarcom.ma\/en\/wp-json\/wp\/v2\/types\/page\/"}],"author":[{"embeddable":true,"href":"https:\/\/www.holmarcom.ma\/en\/wp-json\/wp\/v2\/users\/1\/"}],"replies":[{"embeddable":true,"href":"https:\/\/www.holmarcom.ma\/en\/wp-json\/wp\/v2\/comments\/?post=36926"}],"version-history":[{"count":34,"href":"https:\/\/www.holmarcom.ma\/en\/wp-json\/wp\/v2\/pages\/36926\/revisions\/"}],"predecessor-version":[{"id":39893,"href":"https:\/\/www.holmarcom.ma\/en\/wp-json\/wp\/v2\/pages\/36926\/revisions\/39893\/"}],"wp:attachment":[{"href":"https:\/\/www.holmarcom.ma\/en\/wp-json\/wp\/v2\/media\/?parent=36926"}],"curies":[{"name":"wp","href":"https:\/\/api.w.org\/{rel}","templated":true}]}}